{"id":775,"date":"2019-08-19T08:54:31","date_gmt":"2019-08-19T06:54:31","guid":{"rendered":"https:\/\/www.k-wilhelms.de\/agb\/"},"modified":"2022-09-25T21:48:29","modified_gmt":"2022-09-25T19:48:29","slug":"agb","status":"publish","type":"page","link":"https:\/\/www.k-wilhelms.de\/en\/agb\/","title":{"rendered":"AGB"},"content":{"rendered":"<section  class='av_textblock_section av-jzi1n8ou-b21f7430f9c5982cea87307e3892a1da '   itemscope=\"itemscope\" itemtype=\"https:\/\/schema.org\/CreativeWork\" ><div class='avia_textblock'  itemprop=\"text\" ><div class=\"n module-type-text diyfeLiveArea \">\n<p>Allgemeine Gesch\u00e4fts- und Zahlungsbedingungen f\u00fcr die Ausf\u00fchrung von Werkleistungen im Sinne des \u00a7631 BGB durch die Knowhow Wilhelms GmbH<\/p>\n<\/div>\n<div class=\"n module-type-text diyfeLiveArea \">\n<p>Der Auftraggeber erkennt mit der Auftragserteilung an Knowhow Wilhelms GmbH diese Gesch\u00e4ftsbedingungen ausdr\u00fccklich an.<\/p>\n<p>Der Anbieter Knowhow Wilhelms GmbH wird durch folgenden Gesch\u00e4ftsf\u00fchrer vertreten:<\/p>\n<p><strong>Frank Wilhelms<\/strong><br \/>\nFinkenweg 14<br \/>\nD-15711 K\u00f6nigs Wusterhausen<\/p>\n<p><strong>\u00a71 Allgemeines<\/strong><\/p>\n<p><strong>Allgemeine Gesch\u00e4fts- und Zahlungsbedingungen der Knowhow Wilhelms GmbH<\/strong><br \/>\n(im Folgenden:<strong>\u201cKnWi\u201c<\/strong>)<\/p>\n<p><strong>1. Allgemeines<\/strong><\/p>\n<p>Der Auftraggeber erkennt mit der Auftragserteilung an \u201eKnWi\u201c diese Allgemeinen Gesch\u00e4ftsbedingungen ausdr\u00fccklich als allein verbindliche Allgemeine Gesch\u00e4ftsbedingungen an. F\u00fcr alle Leistungen einschlie\u00dflich solcher aus zuk\u00fcnftigen Gesch\u00e4ftsabschl\u00fcssen und Dauerschuldverh\u00e4ltnissen gelten die nachstehenden Bedingungen. Entgegenstehenden Bedingungen wird hiermit widersprochen. Die nachfolgenden Bedingungen gelten auch dann, wenn KnWi in Kenntnis entgegenstehender oder von seinen Bedingungen abweichender Bedingungen Arbeiten ausf\u00fchrt. Allgemeine Gesch\u00e4ftsbedingungen des Auftraggebers sind nur wirksam, wenn sie von KnWi ausdr\u00fccklich schriftlich best\u00e4tigt werden.<\/p>\n<p>E-Mails sind regelm\u00e4\u00dfig zu \u00fcberpr\u00fcfen. Sollte einer der beiden Parteien l\u00e4nger als f\u00fcnf Werktage keine E-Mails abrufen k\u00f6nnen, so sind sowohl der Auftraggeber als auch KnWi dazu verpflichtet, dem Vertragspartner dies unverz\u00fcglich mitzuteilen.<\/p>\n<p><strong>2. Vertragsschluss<\/strong><\/p>\n<p>Der Auftraggeber von KnWi ist durch seine Unterschrift unter den Auftrag oder durch m\u00fcndliche Auftragserteilung gebunden. KnWi kann dieses Angebot nach seiner Wahl unverz\u00fcglich nach Auftragserteilung durch Zusendung einer Auftragsbest\u00e4tigung oder durch Arbeitsaufnahme annehmen. Eine Auftragsbest\u00e4tigung gilt als vom Auftraggeber anerkannt, wenn er ihr nicht umgehend widerspricht.<\/p>\n<p><strong>3. Zahlungsbedingungen<\/strong><\/p>\n<p>Es gelten die im jeweiligen Einzelfall vereinbarten Verg\u00fctungen. Fehlt eine solche Vereinbarung, gelten die zwischen dem Auftraggeber und KnWi zuletzt \u00fcblichen Bedingungen, ansonsten die orts\u00fcbliche und angemessene Verg\u00fctung.<\/p>\n<p>Zahlungen sind sofort nach Rechnungsstellung bzw. Zwischenrechnungsstellung ohne Abzug f\u00e4llig. KnWi ist berechtigt, f\u00fcr in sich abgeschlossene Teilwerksleistungen und f\u00fcr festbestimmte Zeitr\u00e4ume, beispielsweise w\u00f6chentlich, Abschlagsrechnungen zu stellen.<\/p>\n<p><strong>4. Behinderungen \/ Unterbrechungen<\/strong><\/p>\n<p>Wartezeiten, beispielsweise auf Bereitstellung von Material oder sonstige Verz\u00f6gerungen, die durch den Auftraggeber zu vertreten sind, sind im Falle der Vereinbarung einer Stundenverg\u00fctung zu den vereinbarten Stundens\u00e4tzen, Preis pro Teil, sonst nach der zwischen den Parteien \u00fcblichen Verg\u00fctung, hilfsweise zur orts\u00fcblichen und angemessenen Verg\u00fctung zu entsch\u00e4digen.<\/p>\n<p>Im Falle von Verz\u00f6gerungen, die nicht von KnWi zu vertreten sind, beispielsweise durch vom Auftraggeber zu vertretende Umst\u00e4nde, durch nachweislich versp\u00e4tete Belieferung von Vorlieferanten, hoheitliche Ma\u00dfnahmen oder Ereignisse, h\u00f6here Gewalt und Zuf\u00e4lligkeiten anderer Art wie Streik und Aussperrung oder durch sonstige Ereignisse, durch die KnWi in Erbringung der Leistung behindert, verl\u00e4ngert sich eine vereinbarte Fertigstellungsfrist entsprechend um die Dauer der Verz\u00f6gerung. Wird durch die Behinderung die Leistung unm\u00f6glich oder unzumutbar, ist KnWi zudem berechtigt, vom Vertrag zur\u00fcckzutreten. Das Recht auf Schadensersatz bleibt im Falle des R\u00fccktritts unbenommen.<\/p>\n<p><strong>5. Leistungserbringung<\/strong><\/p>\n<p>Knowhow Wilhelms GmbH ist berechtigt, die beauftragten Leistungen statt im eigenen Betrieb durch Dritte (\u201eNachunternehmer\u201c) erbringen zu lassen. Einer Zustimmung des Auftraggebers bedarf es hierzu nicht.<\/p>\n<p><strong>6. Haftung<\/strong><\/p>\n<p>F\u00fcr Fehler, die sich aus vom Auftraggeber eingereichten Unterlagen (Zeichnungen, Muster oder dergleichen) ergeben, \u00fcbernimmt Knowhow Wilhelms GmbH keine Haftung.<\/p>\n<p>Eine Haftung f\u00fcr Schadensersatz ist ausgeschlossen in F\u00e4llen lediglich leichter Fahrl\u00e4ssigkeit, es sei denn, dass Sch\u00e4den aus der Verletzung vertragswesentlicher Pflichten, des Lebens, des K\u00f6rpers oder der Gesundheit betroffen sind. Die Haftung beschr\u00e4nkt sich zudem auf den im Zeitpunkt des Vertragsschlusses vorhersehbaren und vom Auftraggeber nicht beherrschbaren Schaden. Soweit die Haftung von KnWi ausgeschlossen oder beschr\u00e4nkt ist, gilt dies auch f\u00fcr die pers\u00f6nliche Haftung ihrer leitenden Angestellten, Vertreter und Erf\u00fcllungsgehilfen.<\/p>\n<p>Sicherheitstechnisch werden alle gesetzlich notwendigen Ma\u00dfnahmen durchgef\u00fchrt, um Risiken zu minimieren und auszuschlie\u00dfen.<\/p>\n<p>Die Frist f\u00fcr die M\u00e4ngelhaftung betr\u00e4gt 12 Monate.<\/p>\n<p><strong>7. Aufrechnung und Zur\u00fcckbehaltungsrecht<\/strong><\/p>\n<p>Eine Aufrechnung gegen Zahlungsanspr\u00fcche von KnWi mit Gegenforderungen des Auftraggebers ist nur mit rechtskr\u00e4ftig festgestellten, unbestrittenen oder von KnWi anerkannten Anspr\u00fcchen zul\u00e4ssig.<\/p>\n<p>Zur\u00fcckbehaltungsrechte des Auftraggebers sind ausgeschlossen.<\/p>\n<p><strong>8. Gerichtsstand, Erf\u00fcllungsort, Rechtswahl<\/strong><\/p>\n<p>Ausschlie\u00dflicher Gerichtsstand ist Cottbus. Sofern sich aus der Auftragsbest\u00e4tigung nichts anderes ergibt, ist der Gesch\u00e4ftssitz des Kunden der Erf\u00fcllungsort. Dieser Vertrag unterliegt dem Recht der Bundesrepublik Deutschland.<\/p>\n<p><strong>9. Schlussbestimmungen<\/strong><\/p>\n<p>Sollte eine Bestimmung dieser Allgemeinen Verkaufs- und Lieferbedingungen unwirksam sein, so wird die Wirksamkeit und rechtliche Durchsetzbarkeit der \u00fcbrigen Bestimmungen hiervon nicht ber\u00fchrt. Vereinbarungen, die diese Allgemeinen Verkaufs- und Lieferbedingungen bei Vertragsschluss ab\u00e4ndern oder aufheben, m\u00fcssen schriftlich erfolgen. Dies gilt auch f\u00fcr einen Verzicht auf das Schriftformerfordernis.<\/p>\n<\/div>\n<\/div><\/section>\n","protected":false},"excerpt":{"rendered":"","protected":false},"author":2,"featured_media":0,"parent":0,"menu_order":0,"comment_status":"closed","ping_status":"closed","template":"","meta":{"footnotes":""},"class_list":["post-775","page","type-page","status-publish","hentry"],"yoast_head":"<!-- This site is optimized with the Yoast SEO plugin v27.5 - https:\/\/yoast.com\/product\/yoast-seo-wordpress\/ -->\n<title>AGB - K-Wilhelms<\/title>\n<meta name=\"robots\" content=\"index, follow, max-snippet:-1, max-image-preview:large, max-video-preview:-1\" \/>\n<link rel=\"canonical\" href=\"https:\/\/www.k-wilhelms.de\/en\/agb\/\" \/>\n<meta property=\"og:locale\" content=\"en_US\" \/>\n<meta property=\"og:type\" content=\"article\" \/>\n<meta property=\"og:title\" content=\"AGB - K-Wilhelms\" \/>\n<meta property=\"og:url\" content=\"https:\/\/www.k-wilhelms.de\/en\/agb\/\" \/>\n<meta property=\"og:site_name\" content=\"K-Wilhelms\" \/>\n<meta property=\"article:publisher\" content=\"https:\/\/www.facebook.com\/Knowhow-Wilhelms-GmbH-113984290283292\/?modal=admin_todo_tour\" \/>\n<meta property=\"article:modified_time\" content=\"2022-09-25T19:48:29+00:00\" \/>\n<meta name=\"twitter:card\" content=\"summary_large_image\" \/>\n<meta name=\"twitter:label1\" content=\"Est. reading time\" \/>\n\t<meta name=\"twitter:data1\" content=\"4 minutes\" \/>\n<script type=\"application\/ld+json\" class=\"yoast-schema-graph\">{\"@context\":\"https:\\\/\\\/schema.org\",\"@graph\":[{\"@type\":\"WebPage\",\"@id\":\"https:\\\/\\\/www.k-wilhelms.de\\\/en\\\/agb\\\/\",\"url\":\"https:\\\/\\\/www.k-wilhelms.de\\\/en\\\/agb\\\/\",\"name\":\"AGB - K-Wilhelms\",\"isPartOf\":{\"@id\":\"https:\\\/\\\/www.k-wilhelms.de\\\/#website\"},\"datePublished\":\"2019-08-19T06:54:31+00:00\",\"dateModified\":\"2022-09-25T19:48:29+00:00\",\"breadcrumb\":{\"@id\":\"https:\\\/\\\/www.k-wilhelms.de\\\/en\\\/agb\\\/#breadcrumb\"},\"inLanguage\":\"en-US\",\"potentialAction\":[{\"@type\":\"ReadAction\",\"target\":[\"https:\\\/\\\/www.k-wilhelms.de\\\/en\\\/agb\\\/\"]}]},{\"@type\":\"BreadcrumbList\",\"@id\":\"https:\\\/\\\/www.k-wilhelms.de\\\/en\\\/agb\\\/#breadcrumb\",\"itemListElement\":[{\"@type\":\"ListItem\",\"position\":1,\"name\":\"Startseite\",\"item\":\"https:\\\/\\\/www.k-wilhelms.de\\\/startseite\\\/\"},{\"@type\":\"ListItem\",\"position\":2,\"name\":\"AGB\"}]},{\"@type\":\"WebSite\",\"@id\":\"https:\\\/\\\/www.k-wilhelms.de\\\/#website\",\"url\":\"https:\\\/\\\/www.k-wilhelms.de\\\/\",\"name\":\"K-Wilhelms\",\"description\":\"Knowhow Wilhelms GmbH\",\"publisher\":{\"@id\":\"https:\\\/\\\/www.k-wilhelms.de\\\/#organization\"},\"potentialAction\":[{\"@type\":\"SearchAction\",\"target\":{\"@type\":\"EntryPoint\",\"urlTemplate\":\"https:\\\/\\\/www.k-wilhelms.de\\\/?s={search_term_string}\"},\"query-input\":{\"@type\":\"PropertyValueSpecification\",\"valueRequired\":true,\"valueName\":\"search_term_string\"}}],\"inLanguage\":\"en-US\"},{\"@type\":\"Organization\",\"@id\":\"https:\\\/\\\/www.k-wilhelms.de\\\/#organization\",\"name\":\"Knowhow Wilhelms GmbH\",\"url\":\"https:\\\/\\\/www.k-wilhelms.de\\\/\",\"logo\":{\"@type\":\"ImageObject\",\"inLanguage\":\"en-US\",\"@id\":\"https:\\\/\\\/www.k-wilhelms.de\\\/#\\\/schema\\\/logo\\\/image\\\/\",\"url\":\"https:\\\/\\\/www.k-wilhelms.de\\\/wp-content\\\/uploads\\\/2020\\\/04\\\/190607_LOGO_weinrot_gelb-scaled.jpg\",\"contentUrl\":\"https:\\\/\\\/www.k-wilhelms.de\\\/wp-content\\\/uploads\\\/2020\\\/04\\\/190607_LOGO_weinrot_gelb-scaled.jpg\",\"width\":2560,\"height\":1810,\"caption\":\"Knowhow Wilhelms GmbH\"},\"image\":{\"@id\":\"https:\\\/\\\/www.k-wilhelms.de\\\/#\\\/schema\\\/logo\\\/image\\\/\"},\"sameAs\":[\"https:\\\/\\\/www.facebook.com\\\/Knowhow-Wilhelms-GmbH-113984290283292\\\/?modal=admin_todo_tour\",\"https:\\\/\\\/www.instagram.com\\\/knowhowwilhelms\\\/\",\"https:\\\/\\\/www.linkedin.com\\\/company\\\/53114862\\\/admin\\\/\",\"https:\\\/\\\/www.youtube.com\\\/channel\\\/UCasn9dzDZPccNHXLVS3Ozlw?view_as=subscriber\"]}]}<\/script>\n<!-- \/ Yoast SEO plugin. -->","yoast_head_json":{"title":"AGB - K-Wilhelms","robots":{"index":"index","follow":"follow","max-snippet":"max-snippet:-1","max-image-preview":"max-image-preview:large","max-video-preview":"max-video-preview:-1"},"canonical":"https:\/\/www.k-wilhelms.de\/en\/agb\/","og_locale":"en_US","og_type":"article","og_title":"AGB - K-Wilhelms","og_url":"https:\/\/www.k-wilhelms.de\/en\/agb\/","og_site_name":"K-Wilhelms","article_publisher":"https:\/\/www.facebook.com\/Knowhow-Wilhelms-GmbH-113984290283292\/?modal=admin_todo_tour","article_modified_time":"2022-09-25T19:48:29+00:00","twitter_card":"summary_large_image","twitter_misc":{"Est. reading time":"4 minutes"},"schema":{"@context":"https:\/\/schema.org","@graph":[{"@type":"WebPage","@id":"https:\/\/www.k-wilhelms.de\/en\/agb\/","url":"https:\/\/www.k-wilhelms.de\/en\/agb\/","name":"AGB - K-Wilhelms","isPartOf":{"@id":"https:\/\/www.k-wilhelms.de\/#website"},"datePublished":"2019-08-19T06:54:31+00:00","dateModified":"2022-09-25T19:48:29+00:00","breadcrumb":{"@id":"https:\/\/www.k-wilhelms.de\/en\/agb\/#breadcrumb"},"inLanguage":"en-US","potentialAction":[{"@type":"ReadAction","target":["https:\/\/www.k-wilhelms.de\/en\/agb\/"]}]},{"@type":"BreadcrumbList","@id":"https:\/\/www.k-wilhelms.de\/en\/agb\/#breadcrumb","itemListElement":[{"@type":"ListItem","position":1,"name":"Startseite","item":"https:\/\/www.k-wilhelms.de\/startseite\/"},{"@type":"ListItem","position":2,"name":"AGB"}]},{"@type":"WebSite","@id":"https:\/\/www.k-wilhelms.de\/#website","url":"https:\/\/www.k-wilhelms.de\/","name":"K-Wilhelms","description":"Knowhow Wilhelms GmbH","publisher":{"@id":"https:\/\/www.k-wilhelms.de\/#organization"},"potentialAction":[{"@type":"SearchAction","target":{"@type":"EntryPoint","urlTemplate":"https:\/\/www.k-wilhelms.de\/?s={search_term_string}"},"query-input":{"@type":"PropertyValueSpecification","valueRequired":true,"valueName":"search_term_string"}}],"inLanguage":"en-US"},{"@type":"Organization","@id":"https:\/\/www.k-wilhelms.de\/#organization","name":"Knowhow Wilhelms GmbH","url":"https:\/\/www.k-wilhelms.de\/","logo":{"@type":"ImageObject","inLanguage":"en-US","@id":"https:\/\/www.k-wilhelms.de\/#\/schema\/logo\/image\/","url":"https:\/\/www.k-wilhelms.de\/wp-content\/uploads\/2020\/04\/190607_LOGO_weinrot_gelb-scaled.jpg","contentUrl":"https:\/\/www.k-wilhelms.de\/wp-content\/uploads\/2020\/04\/190607_LOGO_weinrot_gelb-scaled.jpg","width":2560,"height":1810,"caption":"Knowhow Wilhelms GmbH"},"image":{"@id":"https:\/\/www.k-wilhelms.de\/#\/schema\/logo\/image\/"},"sameAs":["https:\/\/www.facebook.com\/Knowhow-Wilhelms-GmbH-113984290283292\/?modal=admin_todo_tour","https:\/\/www.instagram.com\/knowhowwilhelms\/","https:\/\/www.linkedin.com\/company\/53114862\/admin\/","https:\/\/www.youtube.com\/channel\/UCasn9dzDZPccNHXLVS3Ozlw?view_as=subscriber"]}]}},"_links":{"self":[{"href":"https:\/\/www.k-wilhelms.de\/en\/wp-json\/wp\/v2\/pages\/775","targetHints":{"allow":["GET"]}}],"collection":[{"href":"https:\/\/www.k-wilhelms.de\/en\/wp-json\/wp\/v2\/pages"}],"about":[{"href":"https:\/\/www.k-wilhelms.de\/en\/wp-json\/wp\/v2\/types\/page"}],"author":[{"embeddable":true,"href":"https:\/\/www.k-wilhelms.de\/en\/wp-json\/wp\/v2\/users\/2"}],"replies":[{"embeddable":true,"href":"https:\/\/www.k-wilhelms.de\/en\/wp-json\/wp\/v2\/comments?post=775"}],"version-history":[{"count":2,"href":"https:\/\/www.k-wilhelms.de\/en\/wp-json\/wp\/v2\/pages\/775\/revisions"}],"predecessor-version":[{"id":2547,"href":"https:\/\/www.k-wilhelms.de\/en\/wp-json\/wp\/v2\/pages\/775\/revisions\/2547"}],"wp:attachment":[{"href":"https:\/\/www.k-wilhelms.de\/en\/wp-json\/wp\/v2\/media?parent=775"}],"curies":[{"name":"wp","href":"https:\/\/api.w.org\/{rel}","templated":true}]}}